{"id":827,"date":"2024-07-04T13:17:50","date_gmt":"2024-07-04T13:17:50","guid":{"rendered":"https:\/\/wgl-dsites.net\/poity\/?page_id=827"},"modified":"2026-01-14T13:51:43","modified_gmt":"2026-01-14T13:51:43","slug":"notre-expertise","status":"publish","type":"page","link":"https:\/\/keez.app\/?page_id=827","title":{"rendered":"Notre expertise"},"content":{"rendered":"\t\t<div data-elementor-type=\"wp-page\" data-elementor-id=\"827\" class=\"elementor elementor-827\">\n\t\t\t\t<div class=\"elementor-element elementor-element-9e0269e e-flex e-con-boxed wpr-particle-no wpr-jarallax-no wpr-parallax-no wpr-sticky-section-no qodef-elementor-content-no e-con e-parent\" data-id=\"9e0269e\" data-element_type=\"container\">\n\t\t\t\t\t<div class=\"e-con-inner\">\n\t\t\t\t<div class=\"elementor-element elementor-element-2f980d6 elementor-widget elementor-widget-image\" data-id=\"2f980d6\" data-element_type=\"widget\" data-widget_type=\"image.default\">\n\t\t\t\t\t\t\t\t\t\t\t\t\t\t\t\t<a href=\"https:\/\/keez.app\/\">\n\t\t\t\t\t\t\t<img decoding=\"async\" src=\"https:\/\/keez.app\/wp-content\/uploads\/elementor\/thumbs\/ffda7b7c75cd778063a28887c9fd84ac1ee0104b-1-rezs003wbexbv34qhzv6hbr0m2dng79jzzh3u5jmxo.png\" title=\"ffda7b7c75cd778063a28887c9fd84ac1ee0104b (1)\" alt=\"ffda7b7c75cd778063a28887c9fd84ac1ee0104b (1)\" loading=\"lazy\" \/>\t\t\t\t\t\t\t\t<\/a>\n\t\t\t\t\t\t\t\t\t\t\t\t\t\t\t<\/div>\n\t\t\t\t\t<\/div>\n\t\t\t\t<\/div>\n\t\t<div class=\"elementor-element elementor-element-ac8fd60 e-flex e-con-boxed wpr-particle-no wpr-jarallax-no wpr-parallax-no wpr-sticky-section-no qodef-elementor-content-no e-con e-parent\" data-id=\"ac8fd60\" data-element_type=\"container\">\n\t\t\t\t\t<div class=\"e-con-inner\">\n\t\t<div class=\"elementor-element elementor-element-00d50f0 e-con-full e-flex wpr-particle-no wpr-jarallax-no wpr-parallax-no wpr-sticky-section-no qodef-elementor-content-no e-con e-child\" data-id=\"00d50f0\" data-element_type=\"container\">\n\t\t\t\t<div class=\"elementor-element elementor-element-58e16a6 elementor-widget elementor-widget-image\" data-id=\"58e16a6\" data-element_type=\"widget\" data-widget_type=\"image.default\">\n\t\t\t\t\t\t\t\t\t\t\t\t\t\t\t<img fetchpriority=\"high\" decoding=\"async\" width=\"1920\" height=\"1080\" src=\"https:\/\/keez.app\/wp-content\/uploads\/2025\/11\/Photo_Keez1.jpg\" class=\"attachment-full size-full wp-image-4051\" alt=\"\" srcset=\"https:\/\/keez.app\/wp-content\/uploads\/2025\/11\/Photo_Keez1.jpg 1920w, https:\/\/keez.app\/wp-content\/uploads\/2025\/11\/Photo_Keez1-300x169.jpg 300w, https:\/\/keez.app\/wp-content\/uploads\/2025\/11\/Photo_Keez1-1024x576.jpg 1024w, https:\/\/keez.app\/wp-content\/uploads\/2025\/11\/Photo_Keez1-768x432.jpg 768w, https:\/\/keez.app\/wp-content\/uploads\/2025\/11\/Photo_Keez1-1536x864.jpg 1536w, https:\/\/keez.app\/wp-content\/uploads\/2025\/11\/Photo_Keez1-1080x608.jpg 1080w\" sizes=\"(max-width: 1920px) 100vw, 1920px\" \/>\t\t\t\t\t\t\t\t\t\t\t\t\t\t\t<\/div>\n\t\t\t\t<\/div>\n\t\t<div class=\"elementor-element elementor-element-ab7ae00 e-con-full e-flex wpr-particle-no wpr-jarallax-no wpr-parallax-no wpr-sticky-section-no qodef-elementor-content-no e-con e-child\" data-id=\"ab7ae00\" data-element_type=\"container\">\n\t\t\t\t<div class=\"elementor-element elementor-element-d6696ad elementor-widget elementor-widget-heading\" data-id=\"d6696ad\" data-element_type=\"widget\" data-widget_type=\"heading.default\">\n\t\t\t\t\t<h1 class=\"elementor-heading-title elementor-size-default\"><span style=\"font-size: 48px\">Ramener l\u2019amour \u00e0 ce qu\u2019il n\u2019aurait jamais d\u00fb cesser d\u2019\u00eatre.<\/span><\/h1>\t\t\t\t<\/div>\n\t\t\t\t<div class=\"elementor-element elementor-element-8190516 elementor-widget elementor-widget-spacer\" data-id=\"8190516\" data-element_type=\"widget\" data-widget_type=\"spacer.default\">\n\t\t\t\t\t\t\t<div class=\"elementor-spacer\">\n\t\t\t<div class=\"elementor-spacer-inner\"><\/div>\n\t\t<\/div>\n\t\t\t\t\t\t<\/div>\n\t\t\t\t<div class=\"elementor-element elementor-element-d008d69 elementor-widget__width-initial elementor-widget elementor-widget-text-editor\" data-id=\"d008d69\" data-element_type=\"widget\" data-widget_type=\"text-editor.default\">\n\t\t\t\t\t\t\t\t\t<p data-start=\"126\" data-end=\"201\">Les applications de dating veulent aller vite.<br data-start=\"172\" data-end=\"175\" \/>Nous, on veut aller juste.<\/p><p data-start=\"203\" data-end=\"407\">L\u2019amour ne se construit pas en collectionnant des profils, ni en misant sur l\u2019apparence ou la pr\u00e9cipitation.<br data-start=\"311\" data-end=\"314\" \/>Il na\u00eet quand on prend le temps de comprendre, de ressentir et de v\u00e9rifier ce qui peut durer.<\/p><p data-start=\"409\" data-end=\"539\">Keez existe pour ralentir le r\u00e9flexe, et faire place \u00e0 la compatibilit\u00e9 r\u00e9elle.<br \/><br data-start=\"492\" data-end=\"495\" \/>Pas plus de matchs mais des meilleurs matchs.<\/p>\t\t\t\t\t\t\t\t<\/div>\n\t\t\t\t<div class=\"elementor-element elementor-element-9572331 elementor-widget elementor-widget-spacer\" data-id=\"9572331\" data-element_type=\"widget\" data-widget_type=\"spacer.default\">\n\t\t\t\t\t\t\t<div class=\"elementor-spacer\">\n\t\t\t<div class=\"elementor-spacer-inner\"><\/div>\n\t\t<\/div>\n\t\t\t\t\t\t<\/div>\n\t\t\t\t<\/div>\n\t\t\t\t\t<\/div>\n\t\t\t\t<\/div>\n\t\t<div class=\"elementor-element elementor-element-9d4eb75 e-flex e-con-boxed wpr-particle-no wpr-jarallax-no wpr-parallax-no wpr-sticky-section-no qodef-elementor-content-no e-con e-parent\" data-id=\"9d4eb75\" data-element_type=\"container\">\n\t\t\t\t\t<div class=\"e-con-inner\">\n\t\t<div class=\"elementor-element elementor-element-c9017e3 e-con-full e-flex wpr-particle-no wpr-jarallax-no wpr-parallax-no wpr-sticky-section-no qodef-elementor-content-no e-con e-child\" data-id=\"c9017e3\" data-element_type=\"container\">\n\t\t\t\t<\/div>\n\t\t<div class=\"elementor-element elementor-element-0d3562b e-con-full e-flex wpr-particle-no wpr-jarallax-no wpr-parallax-no wpr-sticky-section-no qodef-elementor-content-no e-con e-child\" data-id=\"0d3562b\" data-element_type=\"container\">\n\t\t\t\t<div class=\"elementor-element elementor-element-ae7046d elementor-widget elementor-widget-video\" data-id=\"ae7046d\" data-element_type=\"widget\" data-settings=\"{&quot;youtube_url&quot;:&quot;https:\\\/\\\/www.youtube.com\\\/watch?v=8uHERn9tCNs&quot;,&quot;video_type&quot;:&quot;youtube&quot;,&quot;controls&quot;:&quot;yes&quot;}\" data-widget_type=\"video.default\">\n\t\t\t\t\t\t\t<div class=\"elementor-wrapper elementor-open-inline\">\n\t\t\t<div class=\"elementor-video\"><\/div>\t\t<\/div>\n\t\t\t\t\t\t<\/div>\n\t\t\t\t<\/div>\n\t\t<div class=\"elementor-element elementor-element-110bf1a e-con-full e-flex wpr-particle-no wpr-jarallax-no wpr-parallax-no wpr-sticky-section-no qodef-elementor-content-no e-con e-child\" data-id=\"110bf1a\" data-element_type=\"container\">\n\t\t\t\t<\/div>\n\t\t\t\t\t<\/div>\n\t\t\t\t<\/div>\n\t\t\t\t<\/div>\n\t\t","protected":false},"excerpt":{"rendered":"<p>Ramener l\u2019amour \u00e0 ce qu\u2019il n\u2019aurait jamais d\u00fb cesser d\u2019\u00eatre. Les applications de dating veulent aller vite.Nous, on veut aller juste. L\u2019amour ne se construit pas en collectionnant des profils, ni en misant sur l\u2019apparence ou la pr\u00e9cipitation.Il na\u00eet quand on prend le temps de comprendre, de ressentir et de v\u00e9rifier ce qui peut durer. Keez existe pour ralentir le r\u00e9flexe, et faire place \u00e0 la compatibilit\u00e9 r\u00e9elle.Pas plus de matchs mais des meilleurs matchs.<\/p>\n","protected":false},"author":1,"featured_media":0,"parent":0,"menu_order":0,"comment_status":"closed","ping_status":"closed","template":"","meta":{"pagelayer_contact_templates":[],"_pagelayer_content":"","footnotes":""},"class_list":["post-827","page","type-page","status-publish","hentry"],"yoast_head":"<!-- This site is optimized with the Yoast SEO plugin v26.4 - https:\/\/yoast.com\/wordpress\/plugins\/seo\/ -->\n<title>Notre expertise - Keez<\/title>\n<meta name=\"robots\" content=\"index, follow, max-snippet:-1, max-image-preview:large, max-video-preview:-1\" \/>\n<link rel=\"canonical\" href=\"https:\/\/keez.app\/?page_id=827\" \/>\n<meta property=\"og:locale\" content=\"fr_FR\" \/>\n<meta property=\"og:type\" content=\"article\" \/>\n<meta property=\"og:title\" content=\"Notre expertise - Keez\" \/>\n<meta property=\"og:description\" content=\"Ramener l\u2019amour \u00e0 ce qu\u2019il n\u2019aurait jamais d\u00fb cesser d\u2019\u00eatre. Les applications de dating veulent aller vite.Nous, on veut aller juste. L\u2019amour ne se construit pas en collectionnant des profils, ni en misant sur l\u2019apparence ou la pr\u00e9cipitation.Il na\u00eet quand on prend le temps de comprendre, de ressentir et de v\u00e9rifier ce qui peut durer. Keez existe pour ralentir le r\u00e9flexe, et faire place \u00e0 la compatibilit\u00e9 r\u00e9elle.Pas plus de matchs mais des meilleurs matchs.\" \/>\n<meta property=\"og:url\" content=\"https:\/\/keez.app\/?page_id=827\" \/>\n<meta property=\"og:site_name\" content=\"Keez\" \/>\n<meta property=\"article:modified_time\" content=\"2026-01-14T13:51:43+00:00\" \/>\n<meta property=\"og:image\" content=\"https:\/\/keez.app\/wp-content\/uploads\/elementor\/thumbs\/ffda7b7c75cd778063a28887c9fd84ac1ee0104b-1-rezs003wbexbv34qhzv6hbr0m2dng79jzzh3u5jmxo.png\" \/>\n<meta name=\"twitter:card\" content=\"summary_large_image\" \/>\n<meta name=\"twitter:label1\" content=\"Dur\u00e9e de lecture estim\u00e9e\" \/>\n\t<meta name=\"twitter:data1\" content=\"1 minute\" \/>\n<script type=\"application\/ld+json\" class=\"yoast-schema-graph\">{\"@context\":\"https:\/\/schema.org\",\"@graph\":[{\"@type\":\"WebPage\",\"@id\":\"https:\/\/keez.app\/?page_id=827\",\"url\":\"https:\/\/keez.app\/?page_id=827\",\"name\":\"Notre expertise - Keez\",\"isPartOf\":{\"@id\":\"https:\/\/keez.app\/#website\"},\"primaryImageOfPage\":{\"@id\":\"https:\/\/keez.app\/?page_id=827#primaryimage\"},\"image\":{\"@id\":\"https:\/\/keez.app\/?page_id=827#primaryimage\"},\"thumbnailUrl\":\"https:\/\/keez.app\/wp-content\/uploads\/elementor\/thumbs\/ffda7b7c75cd778063a28887c9fd84ac1ee0104b-1-rezs003wbexbv34qhzv6hbr0m2dng79jzzh3u5jmxo.png\",\"datePublished\":\"2024-07-04T13:17:50+00:00\",\"dateModified\":\"2026-01-14T13:51:43+00:00\",\"breadcrumb\":{\"@id\":\"https:\/\/keez.app\/?page_id=827#breadcrumb\"},\"inLanguage\":\"fr-FR\",\"potentialAction\":[{\"@type\":\"ReadAction\",\"target\":[\"https:\/\/keez.app\/?page_id=827\"]}]},{\"@type\":\"ImageObject\",\"inLanguage\":\"fr-FR\",\"@id\":\"https:\/\/keez.app\/?page_id=827#primaryimage\",\"url\":\"https:\/\/keez.app\/wp-content\/uploads\/elementor\/thumbs\/ffda7b7c75cd778063a28887c9fd84ac1ee0104b-1-rezs003wbexbv34qhzv6hbr0m2dng79jzzh3u5jmxo.png\",\"contentUrl\":\"https:\/\/keez.app\/wp-content\/uploads\/elementor\/thumbs\/ffda7b7c75cd778063a28887c9fd84ac1ee0104b-1-rezs003wbexbv34qhzv6hbr0m2dng79jzzh3u5jmxo.png\"},{\"@type\":\"BreadcrumbList\",\"@id\":\"https:\/\/keez.app\/?page_id=827#breadcrumb\",\"itemListElement\":[{\"@type\":\"ListItem\",\"position\":1,\"name\":\"Accueil\",\"item\":\"https:\/\/keez.app\/\"},{\"@type\":\"ListItem\",\"position\":2,\"name\":\"Notre expertise\"}]},{\"@type\":\"WebSite\",\"@id\":\"https:\/\/keez.app\/#website\",\"url\":\"https:\/\/keez.app\/\",\"name\":\"Keez - Application de rencontres\",\"description\":\"L&#039;amour est une science, pas un swipe\",\"publisher\":{\"@id\":\"https:\/\/keez.app\/#organization\"},\"alternateName\":\"Keez - Application de rencontres\",\"potentialAction\":[{\"@type\":\"SearchAction\",\"target\":{\"@type\":\"EntryPoint\",\"urlTemplate\":\"https:\/\/keez.app\/?s={search_term_string}\"},\"query-input\":{\"@type\":\"PropertyValueSpecification\",\"valueRequired\":true,\"valueName\":\"search_term_string\"}}],\"inLanguage\":\"fr-FR\"},{\"@type\":\"Organization\",\"@id\":\"https:\/\/keez.app\/#organization\",\"name\":\"Keez - Application de rencontres\",\"alternateName\":\"Keez - Application de rencontres\",\"url\":\"https:\/\/keez.app\/\",\"logo\":{\"@type\":\"ImageObject\",\"inLanguage\":\"fr-FR\",\"@id\":\"https:\/\/keez.app\/#\/schema\/logo\/image\/\",\"url\":\"https:\/\/keez.app\/wp-content\/uploads\/2025\/11\/Background-transparent-Logo-dark-Squarre.png\",\"contentUrl\":\"https:\/\/keez.app\/wp-content\/uploads\/2025\/11\/Background-transparent-Logo-dark-Squarre.png\",\"width\":1000,\"height\":1000,\"caption\":\"Keez - Application de rencontres\"},\"image\":{\"@id\":\"https:\/\/keez.app\/#\/schema\/logo\/image\/\"}}]}<\/script>\n<!-- \/ Yoast SEO plugin. -->","yoast_head_json":{"title":"Notre expertise - Keez","robots":{"index":"index","follow":"follow","max-snippet":"max-snippet:-1","max-image-preview":"max-image-preview:large","max-video-preview":"max-video-preview:-1"},"canonical":"https:\/\/keez.app\/?page_id=827","og_locale":"fr_FR","og_type":"article","og_title":"Notre expertise - Keez","og_description":"Ramener l\u2019amour \u00e0 ce qu\u2019il n\u2019aurait jamais d\u00fb cesser d\u2019\u00eatre. Les applications de dating veulent aller vite.Nous, on veut aller juste. L\u2019amour ne se construit pas en collectionnant des profils, ni en misant sur l\u2019apparence ou la pr\u00e9cipitation.Il na\u00eet quand on prend le temps de comprendre, de ressentir et de v\u00e9rifier ce qui peut durer. Keez existe pour ralentir le r\u00e9flexe, et faire place \u00e0 la compatibilit\u00e9 r\u00e9elle.Pas plus de matchs mais des meilleurs matchs.","og_url":"https:\/\/keez.app\/?page_id=827","og_site_name":"Keez","article_modified_time":"2026-01-14T13:51:43+00:00","og_image":[{"url":"https:\/\/keez.app\/wp-content\/uploads\/elementor\/thumbs\/ffda7b7c75cd778063a28887c9fd84ac1ee0104b-1-rezs003wbexbv34qhzv6hbr0m2dng79jzzh3u5jmxo.png","type":"","width":"","height":""}],"twitter_card":"summary_large_image","twitter_misc":{"Dur\u00e9e de lecture estim\u00e9e":"1 minute"},"schema":{"@context":"https:\/\/schema.org","@graph":[{"@type":"WebPage","@id":"https:\/\/keez.app\/?page_id=827","url":"https:\/\/keez.app\/?page_id=827","name":"Notre expertise - Keez","isPartOf":{"@id":"https:\/\/keez.app\/#website"},"primaryImageOfPage":{"@id":"https:\/\/keez.app\/?page_id=827#primaryimage"},"image":{"@id":"https:\/\/keez.app\/?page_id=827#primaryimage"},"thumbnailUrl":"https:\/\/keez.app\/wp-content\/uploads\/elementor\/thumbs\/ffda7b7c75cd778063a28887c9fd84ac1ee0104b-1-rezs003wbexbv34qhzv6hbr0m2dng79jzzh3u5jmxo.png","datePublished":"2024-07-04T13:17:50+00:00","dateModified":"2026-01-14T13:51:43+00:00","breadcrumb":{"@id":"https:\/\/keez.app\/?page_id=827#breadcrumb"},"inLanguage":"fr-FR","potentialAction":[{"@type":"ReadAction","target":["https:\/\/keez.app\/?page_id=827"]}]},{"@type":"ImageObject","inLanguage":"fr-FR","@id":"https:\/\/keez.app\/?page_id=827#primaryimage","url":"https:\/\/keez.app\/wp-content\/uploads\/elementor\/thumbs\/ffda7b7c75cd778063a28887c9fd84ac1ee0104b-1-rezs003wbexbv34qhzv6hbr0m2dng79jzzh3u5jmxo.png","contentUrl":"https:\/\/keez.app\/wp-content\/uploads\/elementor\/thumbs\/ffda7b7c75cd778063a28887c9fd84ac1ee0104b-1-rezs003wbexbv34qhzv6hbr0m2dng79jzzh3u5jmxo.png"},{"@type":"BreadcrumbList","@id":"https:\/\/keez.app\/?page_id=827#breadcrumb","itemListElement":[{"@type":"ListItem","position":1,"name":"Accueil","item":"https:\/\/keez.app\/"},{"@type":"ListItem","position":2,"name":"Notre expertise"}]},{"@type":"WebSite","@id":"https:\/\/keez.app\/#website","url":"https:\/\/keez.app\/","name":"Keez - Application de rencontres","description":"L&#039;amour est une science, pas un swipe","publisher":{"@id":"https:\/\/keez.app\/#organization"},"alternateName":"Keez - Application de rencontres","potentialAction":[{"@type":"SearchAction","target":{"@type":"EntryPoint","urlTemplate":"https:\/\/keez.app\/?s={search_term_string}"},"query-input":{"@type":"PropertyValueSpecification","valueRequired":true,"valueName":"search_term_string"}}],"inLanguage":"fr-FR"},{"@type":"Organization","@id":"https:\/\/keez.app\/#organization","name":"Keez - Application de rencontres","alternateName":"Keez - Application de rencontres","url":"https:\/\/keez.app\/","logo":{"@type":"ImageObject","inLanguage":"fr-FR","@id":"https:\/\/keez.app\/#\/schema\/logo\/image\/","url":"https:\/\/keez.app\/wp-content\/uploads\/2025\/11\/Background-transparent-Logo-dark-Squarre.png","contentUrl":"https:\/\/keez.app\/wp-content\/uploads\/2025\/11\/Background-transparent-Logo-dark-Squarre.png","width":1000,"height":1000,"caption":"Keez - Application de rencontres"},"image":{"@id":"https:\/\/keez.app\/#\/schema\/logo\/image\/"}}]}},"jetpack_sharing_enabled":true,"_links":{"self":[{"href":"https:\/\/keez.app\/index.php?rest_route=\/wp\/v2\/pages\/827","targetHints":{"allow":["GET"]}}],"collection":[{"href":"https:\/\/keez.app\/index.php?rest_route=\/wp\/v2\/pages"}],"about":[{"href":"https:\/\/keez.app\/index.php?rest_route=\/wp\/v2\/types\/page"}],"author":[{"embeddable":true,"href":"https:\/\/keez.app\/index.php?rest_route=\/wp\/v2\/users\/1"}],"replies":[{"embeddable":true,"href":"https:\/\/keez.app\/index.php?rest_route=%2Fwp%2Fv2%2Fcomments&post=827"}],"version-history":[{"count":25,"href":"https:\/\/keez.app\/index.php?rest_route=\/wp\/v2\/pages\/827\/revisions"}],"predecessor-version":[{"id":4813,"href":"https:\/\/keez.app\/index.php?rest_route=\/wp\/v2\/pages\/827\/revisions\/4813"}],"wp:attachment":[{"href":"https:\/\/keez.app\/index.php?rest_route=%2Fwp%2Fv2%2Fmedia&parent=827"}],"curies":[{"name":"wp","href":"https:\/\/api.w.org\/{rel}","templated":true}]}}